{"id":20,"date":"2013-07-28T13:10:08","date_gmt":"2013-07-28T12:10:08","guid":{"rendered":"http:\/\/ufasu.blogs.upv.es\/?page_id=20"},"modified":"2016-06-17T14:44:07","modified_gmt":"2016-06-17T12:44:07","slug":"unidad-de-formacion-del-pas","status":"publish","type":"page","link":"https:\/\/ufasu.blogs.upv.es\/es\/unidad-de-formacion-del-pas\/","title":{"rendered":"\u00bfQu\u00e9 es la UFASU?"},"content":{"rendered":"<p align=\"justify\"><span style=\"font-family: Arial\">La Unidad de Formaci\u00f3n (UFASU) es una unidad perteneciente al Servicio de Recursos Humanos de la Universitat Polit\u00e8cnica de Val\u00e8ncia, que pone a disposici\u00f3n del personal de administraci\u00f3n y servicios y personal de investigaci\u00f3n una serie de propuestas y posibilidades formativas que les permitan actualizar sus conocimientos y capacidades profesionales haci\u00e9ndoles m\u00e1s competentes en el desempe\u00f1o de su trabajo y favoreciendo la adaptaci\u00f3n a los cambios que experimenta la universidad y la sociedad actual. <\/span><\/p>\r\n<p align=\"justify\"><span style=\"font-family: Arial\">Para ello ofrecemos diferentes v\u00edas de formaci\u00f3n, por un lado el <strong>Plan de Formaci\u00f3n bienal<\/strong> que permite formarse en aquellas materias transversales a cualquier perfil profesional.\u00a0<\/span><span style=\"font-family: Arial\">Por otro lado disponemos de las <strong>Ayudas a la formaci\u00f3n<\/strong> dirigidas a aquellos perfiles que no encuentran en nuestro Plan formativo opciones de formaci\u00f3n espec\u00edficas para su puesto. Se trata de ayudas que financian los costes de inscripci\u00f3n en actividades formativas externas a la UFASU. Y por \u00faltimo la financiaci\u00f3n de la <strong>formaci\u00f3n de Idiomas extranjeros<\/strong> dirigido a todos los empleados PAS y de investigaci\u00f3n organizada por el Centro de Lenguas de la UPV.\u00a0<\/span><\/p>\r\n<a style=\"font-family: 'Droid Sans', 'Helvetica Neue', 'Nimbus Sans L', sans-serif;font-size: 15px;font-style: normal;font-variant: normal;line-height: 24.296875px;text-align: -webkit-center\" href=\"http:\/\/ufasu.blogs.upv.es\/wp-content\/uploads\/2013\/07\/742220C.gif\"><img loading=\"lazy\" decoding=\"async\" class=\"size-medium wp-image-45 aligncenter\" src=\"http:\/\/ufasu.blogs.upv.es\/wp-content\/uploads\/2013\/07\/742220C-300x122.gif\" alt=\"742220C\" width=\"300\" height=\"122\" srcset=\"https:\/\/ufasu.blogs.upv.es\/wp-content\/uploads\/2013\/07\/742220C-300x122.gif 300w, https:\/\/ufasu.blogs.upv.es\/wp-content\/uploads\/2013\/07\/742220C-700x285.gif 700w\" sizes=\"auto, (max-width: 300px) 100vw, 300px\" \/><\/a>\r\n<p align=\"justify\"><span style=\"font-family: Arial\">Actualmente se ha incorporado una nueva v\u00eda para la autoformaci\u00f3n. Se trata de una serie de actividades de formaci\u00f3n online no tutorizadas que se encuentran activas y a disposici\u00f3n de cualquier interesado en la Plataforma de formaci\u00f3n de la UPV (PoliformaT) bajo el nombre de\u00a0<strong>OpenUFASU<\/strong>. <\/span><\/p>\r\n<p align=\"justify\"><span style=\"font-family: Arial\">La Unidad de Formaci\u00f3n, junto con otros servicios de la UPV (CFP, SPNL, CDL e ICE), pone a disposici\u00f3n de sus usuarios un <strong>Portal de Formaci\u00f3n<\/strong> que permite disponer y gestionar de toda la informaci\u00f3n referente a su formaci\u00f3n no reglada. <\/span><\/p>\r\n<p align=\"justify\"><b>Nuestro equipo de trabajo est\u00e1 compuesto por<\/b>:<\/p>\r\n\r\n<ul>\r\n \t<li><a href=\"http:\/\/www.upv.es\/pls\/oalu\/sic_per.info_persona?PE=78mSD%2FYIsTjyIaxjnZdysBhqZc0oWQc8dq54xy7bwqlF5qfM5p60C3aFOtRc0p0zPHU6AAm8EaFoD0wvUzsh35pj6wqFaS1tzd0ac0UGYmXmpy1a1lejkw%3D%3D&amp;P_IDIOMA=c&amp;P_TIPOBUS=0&amp;P_VISTA=\"><span style=\"font-family: Arial\"><b>Eva Gonz\u00e1lez<\/b><\/span><\/a><span style=\"font-family: Arial\"><b>\u00a0<\/b>(Responsable de formaci\u00f3n)<\/span><\/li>\r\n<\/ul>\r\n<ul>\r\n \t<li><a href=\"http:\/\/www.upv.es\/pls\/oalu\/sic_per.info_persona?PE=78mSD%2FYIsTjyIaxjnZdysH%2F7o2epn0ukSZPENvW6rIxF5qfM5p60C3aFOtRc0p0zaCYXZwT0me9jFU3FhV72%2Bl7CMF2k7Fq1f%2FujZ6mfS6Thyt%2FFoiUIfQ%3D%3D&amp;P_IDIOMA=c&amp;P_TIPOBUS=0&amp;P_VISTA=\"><span style=\"font-family: Arial\"><b>Anabel\u00a0<\/b><\/span><\/a><span style=\"font-family: Arial\"><b>Sanz<\/b>\u00a0(Jefa de Unidad Administrativa)<\/span><\/li>\r\n<\/ul>\r\n<ul>\r\n \t<li><a href=\"http:\/\/www.upv.es\/pls\/oalu\/sic_per.info_persona?PE=78mSD%2FYIsTjyIaxjnZdysLEp1Ng5XY%2FaPCgebNUysPZF5qfM5p60C3aFOtRc0p0z0pvzW8%2F8AaNoD0wvUzsh35pj6wqFaS1t1ry5MQPFvh0G4aMVzINh8w%3D%3D&amp;P_IDIOMA=c&amp;P_TIPOBUS=0&amp;P_VISTA=\"><span style=\"font-family: Arial\"><b>Patricia Sorribes<\/b><\/span><\/a><span style=\"font-family: Arial\"><b>\u00a0<\/b>(Administrativa)<\/span><\/li>\r\n<\/ul>\r\n<ul>\r\n \t<li><a href=\"http:\/\/www.upv.es\/pls\/oalu\/sic_per.info_persona?PE=78mSD%2FYIsTjyIaxjnZdysPXuKMpGrP4cz0Iy4yoOd%2B9F5qfM5p60C3aFOtRc0p0zmRIYvWc9KTloD0wvUzsh35pj6wqFaS1t%2F9hE%2F%2BKen%2FK%2Bpm7dOQ0ZgA%3D%3D&amp;P_IDIOMA=c&amp;P_TIPOBUS=0&amp;P_VISTA=\"><b>Eva Monteagudo<\/b><\/a><a href=\"http:\/\/www.upv.es\/pls\/oalu\/sic_per.info_persona?PE=78mSD%2FYIsTjVYIzqIEvAjek84uH0FywI3q%2FacbheL730i7lVQyCjFXaFOtRc0p0zwEARFK1Vh61oD0wvUzsh3%2BMJilgCDV84AnpclqLa4ZSZjXNandhLuA%3D%3D&amp;P_IDIOMA=c&amp;P_TIPOBUS=0&amp;P_VISTA=MS\">\u00a0<\/a>(Administrativa)<\/li>\r\n<\/ul>\r\n<p align=\"justify\"><\/p>","protected":false},"excerpt":{"rendered":"<p>La Unidad de Formaci\u00f3n (UFASU) es una unidad perteneciente al Servicio de Recursos Humanos de la Universitat Polit\u00e8cnica de Val\u00e8ncia, que pone a disposici\u00f3n del personal de administraci\u00f3n y servicios y personal de investigaci\u00f3n una serie de propuestas y posibilidades formativas que les permitan actualizar sus conocimientos y capacidades profesionales &#8230;<\/p>\n","protected":false},"author":632,"featured_media":0,"parent":0,"menu_order":0,"comment_status":"closed","ping_status":"open","template":"","meta":{"footnotes":""},"class_list":["post-20","page","type-page","status-publish","hentry"],"aioseo_notices":[],"_links":{"self":[{"href":"https:\/\/ufasu.blogs.upv.es\/es\/wp-json\/wp\/v2\/pages\/20","targetHints":{"allow":["GET"]}}],"collection":[{"href":"https:\/\/ufasu.blogs.upv.es\/es\/wp-json\/wp\/v2\/pages"}],"about":[{"href":"https:\/\/ufasu.blogs.upv.es\/es\/wp-json\/wp\/v2\/types\/page"}],"author":[{"embeddable":true,"href":"https:\/\/ufasu.blogs.upv.es\/es\/wp-json\/wp\/v2\/users\/632"}],"replies":[{"embeddable":true,"href":"https:\/\/ufasu.blogs.upv.es\/es\/wp-json\/wp\/v2\/comments?post=20"}],"version-history":[{"count":0,"href":"https:\/\/ufasu.blogs.upv.es\/es\/wp-json\/wp\/v2\/pages\/20\/revisions"}],"wp:attachment":[{"href":"https:\/\/ufasu.blogs.upv.es\/es\/wp-json\/wp\/v2\/media?parent=20"}],"curies":[{"name":"wp","href":"https:\/\/api.w.org\/{rel}","templated":true}]}}